{"id":8,"date":"2021-08-30T09:49:39","date_gmt":"2021-08-30T09:49:39","guid":{"rendered":"http:\/\/szepsegesszenciakozmetika.hu\/?page_id=8"},"modified":"2026-02-10T16:42:48","modified_gmt":"2026-02-10T16:42:48","slug":"magamrol","status":"publish","type":"page","link":"https:\/\/szepsegesszenciakozmetika.hu\/index.php\/magamrol\/","title":{"rendered":"Magamr\u00f3l"},"content":{"rendered":"\t\t<div data-elementor-type=\"wp-page\" data-elementor-id=\"8\" class=\"elementor elementor-8\" data-elementor-settings=\"[]\">\n\t\t\t\t\t\t\t<div class=\"elementor-section-wrap\">\n\t\t\t\t\t\t\t<section class=\"elementor-section elementor-top-section elementor-element elementor-element-4648ed2 elementor-section-full_width elementor-section-stretched elementor-hidden-desktop elementor-hidden-tablet elementor-hidden-mobile elementor-section-height-default elementor-section-height-default\" data-id=\"4648ed2\" data-element_type=\"section\" data-settings=\"{&quot;background_background&quot;:&quot;classic&quot;,&quot;stretch_section&quot;:&quot;section-stretched&quot;}\">\n\t\t\t\t\t\t<div class=\"elementor-container elementor-column-gap-default\">\n\t\t\t\t\t<div class=\"elementor-column elementor-col-100 elementor-top-column elementor-element elementor-element-d35ba71\" data-id=\"d35ba71\" data-element_type=\"column\">\n\t\t\t<div class=\"elementor-widget-wrap elementor-element-populated\">\n\t\t\t\t\t\t\t\t<div class=\"elementor-element elementor-element-7e3a5fd elementor-invisible elementor-widget elementor-widget-heading\" data-id=\"7e3a5fd\" data-element_type=\"widget\" data-settings=\"{&quot;_animation&quot;:&quot;fadeInDown&quot;}\" data-widget_type=\"heading.default\">\n\t\t\t\t<div class=\"elementor-widget-container\">\n\t\t\t<h2 class=\"elementor-heading-title elementor-size-default\">Magamr\u00f3l<\/h2>\t\t<\/div>\n\t\t\t\t<\/div>\n\t\t\t\t<div class=\"elementor-element elementor-element-4f4e25c elementor-widget__width-initial elementor-widget-tablet__width-initial elementor-widget-mobile__width-initial elementor-absolute elementor-hidden-phone elementor-invisible elementor-widget elementor-widget-image\" data-id=\"4f4e25c\" data-element_type=\"widget\" data-settings=\"{&quot;_animation&quot;:&quot;fadeInRight&quot;,&quot;_animation_delay&quot;:600,&quot;_position&quot;:&quot;absolute&quot;}\" data-widget_type=\"image.default\">\n\t\t\t\t<div class=\"elementor-widget-container\">\n\t\t\t\t\t\t\t\t\t\t\t\t\t\t\t<img loading=\"lazy\" decoding=\"async\" width=\"381\" height=\"359\" src=\"https:\/\/szepsegesszenciakozmetika.hu\/wp-content\/uploads\/2021\/08\/flowers-and-eucaaliptus-composition-M9PL2FC-2.jpg\" class=\"attachment-full size-full\" alt=\"\" srcset=\"https:\/\/szepsegesszenciakozmetika.hu\/wp-content\/uploads\/2021\/08\/flowers-and-eucaaliptus-composition-M9PL2FC-2.jpg 381w, https:\/\/szepsegesszenciakozmetika.hu\/wp-content\/uploads\/2021\/08\/flowers-and-eucaaliptus-composition-M9PL2FC-2-300x283.jpg 300w\" sizes=\"auto, (max-width: 381px) 100vw, 381px\" \/>\t\t\t\t\t\t\t\t\t\t\t\t\t\t\t<\/div>\n\t\t\t\t<\/div>\n\t\t\t\t\t<\/div>\n\t\t<\/div>\n\t\t\t\t\t\t\t<\/div>\n\t\t<\/section>\n\t\t\t\t<section class=\"elementor-section elementor-top-section elementor-element elementor-element-9505455 elementor-section-boxed elementor-section-height-default elementor-section-height-default\" data-id=\"9505455\" data-element_type=\"section\">\n\t\t\t\t\t\t<div class=\"elementor-container elementor-column-gap-default\">\n\t\t\t\t\t<div class=\"elementor-column elementor-col-50 elementor-top-column elementor-element elementor-element-89b5191\" data-id=\"89b5191\" data-element_type=\"column\">\n\t\t\t<div class=\"elementor-widget-wrap elementor-element-populated\">\n\t\t\t\t\t\t\t\t<div class=\"elementor-element elementor-element-54a2394 elementor-widget elementor-widget-image\" data-id=\"54a2394\" data-element_type=\"widget\" data-widget_type=\"image.default\">\n\t\t\t\t<div class=\"elementor-widget-container\">\n\t\t\t\t\t\t\t\t\t\t\t\t\t\t\t<img loading=\"lazy\" decoding=\"async\" width=\"683\" height=\"1024\" src=\"https:\/\/szepsegesszenciakozmetika.hu\/wp-content\/uploads\/2022\/04\/szepsegesszencia_krisztina_kozmetikus-683x1024.jpg\" class=\"attachment-large size-large\" alt=\"\" srcset=\"https:\/\/szepsegesszenciakozmetika.hu\/wp-content\/uploads\/2022\/04\/szepsegesszencia_krisztina_kozmetikus-683x1024.jpg 683w, https:\/\/szepsegesszenciakozmetika.hu\/wp-content\/uploads\/2022\/04\/szepsegesszencia_krisztina_kozmetikus-200x300.jpg 200w, https:\/\/szepsegesszenciakozmetika.hu\/wp-content\/uploads\/2022\/04\/szepsegesszencia_krisztina_kozmetikus-768x1152.jpg 768w, https:\/\/szepsegesszenciakozmetika.hu\/wp-content\/uploads\/2022\/04\/szepsegesszencia_krisztina_kozmetikus-1024x1536.jpg 1024w, https:\/\/szepsegesszenciakozmetika.hu\/wp-content\/uploads\/2022\/04\/szepsegesszencia_krisztina_kozmetikus-1365x2048.jpg 1365w, https:\/\/szepsegesszenciakozmetika.hu\/wp-content\/uploads\/2022\/04\/szepsegesszencia_krisztina_kozmetikus-scaled.jpg 1707w\" sizes=\"auto, (max-width: 683px) 100vw, 683px\" \/>\t\t\t\t\t\t\t\t\t\t\t\t\t\t\t<\/div>\n\t\t\t\t<\/div>\n\t\t\t\t\t<\/div>\n\t\t<\/div>\n\t\t\t\t<div class=\"elementor-column elementor-col-50 elementor-top-column elementor-element elementor-element-604f75d elementor-invisible\" data-id=\"604f75d\" data-element_type=\"column\" data-settings=\"{&quot;animation&quot;:&quot;fadeInRight&quot;}\">\n\t\t\t<div class=\"elementor-widget-wrap elementor-element-populated\">\n\t\t\t\t\t\t\t\t<div class=\"elementor-element elementor-element-73421ed elementor-widget elementor-widget-heading\" data-id=\"73421ed\" data-element_type=\"widget\" data-widget_type=\"heading.default\">\n\t\t\t\t<div class=\"elementor-widget-container\">\n\t\t\t<h2 class=\"elementor-heading-title elementor-size-default\">Magamr\u00f3l\n<\/h2>\t\t<\/div>\n\t\t\t\t<\/div>\n\t\t\t\t<div class=\"elementor-element elementor-element-07de0df elementor-widget elementor-widget-text-editor\" data-id=\"07de0df\" data-element_type=\"widget\" data-widget_type=\"text-editor.default\">\n\t\t\t\t<div class=\"elementor-widget-container\">\n\t\t\t\t\t\t\t<p>Varga Krisztina vagyok kozmetikus \u00e9s sz\u00e9ps\u00e9gterapeuta. Kozmetikus v\u00e9gzetts\u00e9gem megszerz\u00e9s\u00e9vel egy \u00e1lmom v\u00e1lt val\u00f3ra. Szerencs\u00e9snek \u00e9rzem magam, hogy a munk\u00e1m a hivat\u00e1som \u00e9s szenved\u00e9lyem is egyben.<\/p><p>BIODROGA, RIBESKIN\u00a0 professzion\u00e1lis, magas min\u0151s\u00e9g\u0171 \u00e9s term\u00e9szetes \u00f6sszetev\u0151ket tartalmaz\u00f3 kozmetikumokkal dolgozom.<\/p><p>Minden \u00faj vend\u00e9gem eset\u00e9n az els\u0151 kezel\u00e9st megel\u0151z\u0151en \u00e1tbesz\u00e9lj\u00fck az otthon\u00e1pol\u00e1si rutint, a fontosabb b\u0151r\u00e1pol\u00e1st befoly\u00e1sol\u00f3 t\u00e9nyez\u0151ket, a vend\u00e9g c\u00e9lja, amivel hozz\u00e1m fordult \u00e9s b\u0151r\u00e1llapota alapj\u00e1n v\u00e1lasztom ki a sz\u00e1m\u00e1ra legmegfelel\u0151bb szalon kezel\u00e9st \u00e9s teszek javaslatot az otthon\u00e1pol\u00e1si rutin optimaliz\u00e1l\u00e1s\u00e1ra.<\/p><p>A kezel\u00e9si programok ideje alatt kiz\u00e1r\u00f3lag veled foglalkozom a teljes ellazul\u00e1sod \u00e9s felt\u00f6lt\u0151d\u00e9sed \u00e9rdek\u00e9ben.<\/p><p>Az eredm\u00e9nyes kozmetikai kezel\u00e9shez az egy\u00e9nre szabott, adott b\u0151r\u00e1llapotnak megfelel\u0151en v\u00e1lasztott professzion\u00e1lis kozmetikumokon t\u00fal, a harmonikus k\u00f6rnyezet, finom illatok is hozz\u00e1j\u00e1rulnak.<\/p><p>Hiszem, hogy a magunkra sz\u00e1nt id\u0151 a b\u0151r\u00fcnkre is pozit\u00edvan hat.<\/p><p>Legegyszer\u0171bben id\u0151pontot telefonon foglalhatsz. El\u0151fordulhat, hogy nem tudom fogadni h\u00edv\u00e1sodat, akkor amint tudlak visszah\u00edvlak.<\/p><p>Szeretettel v\u00e1rlak kozmetik\u00e1mban Budapest XI. ker\u00fclet\u00e9ben Mad\u00e1rhegyen Gazdagr\u00e9t\u00a0 \u00e9s Buda\u00f6rs szomsz\u00e9ds\u00e1g\u00e1ban!<\/p>\t\t\t\t\t\t<\/div>\n\t\t\t\t<\/div>\n\t\t\t\t<div class=\"elementor-element elementor-element-89db49f elementor-align-center elementor-invisible elementor-widget elementor-widget-button\" data-id=\"89db49f\" data-element_type=\"widget\" data-settings=\"{&quot;_animation&quot;:&quot;fadeInUp&quot;,&quot;_animation_delay&quot;:800}\" data-widget_type=\"button.default\">\n\t\t\t\t<div class=\"elementor-widget-container\">\n\t\t\t\t\t<div class=\"elementor-button-wrapper\">\n\t\t\t<a href=\"https:\/\/szepsegesszenciakozmetika.hu\/index.php\/kapcsolat\/\" class=\"elementor-button-link elementor-button elementor-size-sm\" role=\"button\">\n\t\t\t\t\t\t<span class=\"elementor-button-content-wrapper\">\n\t\t\t\t\t\t<span class=\"elementor-button-text\">Kapcsolat<\/span>\n\t\t<\/span>\n\t\t\t\t\t<\/a>\n\t\t<\/div>\n\t\t\t\t<\/div>\n\t\t\t\t<\/div>\n\t\t\t\t\t<\/div>\n\t\t<\/div>\n\t\t\t\t\t\t\t<\/div>\n\t\t<\/section>\n\t\t\t\t<section class=\"elementor-section elementor-top-section elementor-element elementor-element-fe1e6a6 elementor-section-boxed elementor-section-height-default elementor-section-height-default\" data-id=\"fe1e6a6\" data-element_type=\"section\">\n\t\t\t\t\t\t<div class=\"elementor-container elementor-column-gap-default\">\n\t\t\t\t\t<div class=\"elementor-column elementor-col-50 elementor-top-column elementor-element elementor-element-c96b75a\" data-id=\"c96b75a\" data-element_type=\"column\">\n\t\t\t<div class=\"elementor-widget-wrap elementor-element-populated\">\n\t\t\t\t\t\t\t\t<div class=\"elementor-element elementor-element-c809c5f elementor-widget elementor-widget-image\" data-id=\"c809c5f\" data-element_type=\"widget\" data-widget_type=\"image.default\">\n\t\t\t\t<div class=\"elementor-widget-container\">\n\t\t\t\t\t\t\t\t\t\t\t\t\t\t\t<img loading=\"lazy\" decoding=\"async\" width=\"1473\" height=\"1536\" src=\"https:\/\/szepsegesszenciakozmetika.hu\/wp-content\/uploads\/2026\/01\/Biodroga-Baden-Baden-2024-1473x1536.jpg\" class=\"attachment-1536x1536 size-1536x1536\" alt=\"\" srcset=\"https:\/\/szepsegesszenciakozmetika.hu\/wp-content\/uploads\/2026\/01\/Biodroga-Baden-Baden-2024-1473x1536.jpg 1473w, https:\/\/szepsegesszenciakozmetika.hu\/wp-content\/uploads\/2026\/01\/Biodroga-Baden-Baden-2024-288x300.jpg 288w, https:\/\/szepsegesszenciakozmetika.hu\/wp-content\/uploads\/2026\/01\/Biodroga-Baden-Baden-2024-982x1024.jpg 982w, https:\/\/szepsegesszenciakozmetika.hu\/wp-content\/uploads\/2026\/01\/Biodroga-Baden-Baden-2024-768x801.jpg 768w, https:\/\/szepsegesszenciakozmetika.hu\/wp-content\/uploads\/2026\/01\/Biodroga-Baden-Baden-2024.jpg 1964w\" sizes=\"auto, (max-width: 1473px) 100vw, 1473px\" \/>\t\t\t\t\t\t\t\t\t\t\t\t\t\t\t<\/div>\n\t\t\t\t<\/div>\n\t\t\t\t\t<\/div>\n\t\t<\/div>\n\t\t\t\t<div class=\"elementor-column elementor-col-50 elementor-top-column elementor-element elementor-element-3345b06 elementor-invisible\" data-id=\"3345b06\" data-element_type=\"column\" data-settings=\"{&quot;animation&quot;:&quot;fadeInRight&quot;}\">\n\t\t\t<div class=\"elementor-widget-wrap elementor-element-populated\">\n\t\t\t\t\t\t\t\t<div class=\"elementor-element elementor-element-6a63332 elementor-widget elementor-widget-heading\" data-id=\"6a63332\" data-element_type=\"widget\" data-widget_type=\"heading.default\">\n\t\t\t\t<div class=\"elementor-widget-container\">\n\t\t\t<h6 class=\"elementor-heading-title elementor-size-small\">Tov\u00e1bbk\u00e9pz\u00e9sek<\/h6>\t\t<\/div>\n\t\t\t\t<\/div>\n\t\t\t\t<div class=\"elementor-element elementor-element-a65c81f elementor-widget elementor-widget-text-editor\" data-id=\"a65c81f\" data-element_type=\"widget\" data-widget_type=\"text-editor.default\">\n\t\t\t\t<div class=\"elementor-widget-container\">\n\t\t\t\t\t\t\t<p>\u2022 2020. Biodroga Biosience Institute term\u00e9kcsal\u00e1d alapk\u00e9pz\u00e9s<br \/>\u2022 2020. Biodroga Medical Institute term\u00e9kcsal\u00e1d alapk\u00e9pz\u00e9s<br \/>\u2022 2021. Adrienne Feller Sz\u00e9ps\u00e9gterapeuta alapk\u00e9pz\u00e9s: Harmonenne, Vitalenne, Cleanenne kezel\u00e9sek \u00e9s massz\u00e1zs<br \/>\u2022 2021. Adrienn Feller Up&amp;Up massz\u00e1zstechnika (Face lifting, Anti-age)<br \/>\u2022 2022. Adrienn Feller Stimulenne ritu\u00e1l\u00e9 (Face lifting, Anti-age)<br \/>\u2022 2022. Adrienne Feller Minikezel\u00e9sek \u00e9s beilleszthet\u0151 technik\u00e1k<br \/>\u2022 2022. Panarom Aromaterapeuta alapk\u00e9pz\u00e9s<br \/>\u2022 2022. Panarom Aromater\u00e1pi\u00e1s testmassz\u00e1zs<br \/>\u2022 2022. Biodroga Medical Institute professzion\u00e1lis savas kezel\u00e9s \u00e9s mikrot\u0171s kezel\u00e9s<br \/>\u2022 2023. Biodroga V-lifiting arcszobr\u00e1szat (Face lifting, Anti-age)<br \/>\u2022 2023. Biodroga menopauza \u00e9s b\u0151r\u00e1pol\u00e1s<br \/>\u2022 2024. GuaSha arc- \u00e9s dekolt\u00e1zsmassz\u00e1zs<br \/>\u2022 2024. Biodroga Medical Institute sz\u00e9rumok<br \/>\u2022 2024. Biodroga &#8220;Jajj ne akne!&#8221; tanfolyam<br \/>\u2022 2024. Biodroga gy\u00e1rl\u00e1togat\u00e1s \u00e9s term\u00e9ktr\u00e9ning, Baden-Baden, N\u00e9metorsz\u00e1g<br \/>\u2022 2025. Mikrobium mesterkurzus:<br \/>&#8211; Miktob\u00e1k, mikrobiom, az ember \u00e9s bakt\u00e9rium k\u00f6z\u00f6ss\u00e9ge<br \/>&#8211; B\u0151r diszbi\u00f3zis: akne, roseacea, at\u00f3pi\u00e1s dermatitis, pikkelys\u00f6m\u00f6r, ekc\u00e9ma<br \/>&#8211; Akn\u00e9s b\u0151r mikrobiomj\u00e1nak v\u00e1ltoz\u00e1sa kozmetikai h\u00e1mlaszt\u00f3 kezel\u00e9s hat\u00e1s\u00e1ra. Esettanulm\u00e1ny.<br \/>&#8211; Anti-aging \u00e9s mikrobiom<br \/>&#8211; B\u00e9l mikrobiom &#8211; b\u0151r-b\u00e9l-agy tengely&#8221;<br \/>\u2022 2025. Vodder-f\u00e9le manu\u00e1lis nyirokdren\u00e1zs (arc modul)<br \/>\u2022 2025. Biodroga Organic Institute term\u00e9kcsal\u00e1d alapk\u00e9pz\u00e9s<br \/>\u2022 2025. Fascia ter\u00e1pia arcmassz\u00e1zs technika<\/p><p>\u2022 2025. Biodroga Multi-Action anti-age kezel\u00e9s<\/p><p>\u00a0<\/p>\t\t\t\t\t\t<\/div>\n\t\t\t\t<\/div>\n\t\t\t\t<div class=\"elementor-element elementor-element-6ddf2b4 elementor-align-center elementor-invisible elementor-widget elementor-widget-button\" data-id=\"6ddf2b4\" data-element_type=\"widget\" data-settings=\"{&quot;_animation&quot;:&quot;fadeInUp&quot;,&quot;_animation_delay&quot;:800}\" data-widget_type=\"button.default\">\n\t\t\t\t<div class=\"elementor-widget-container\">\n\t\t\t\t\t<div class=\"elementor-button-wrapper\">\n\t\t\t<a href=\"https:\/\/szepsegesszenciakozmetika.hu\/index.php\/kapcsolat\/\" class=\"elementor-button-link elementor-button elementor-size-sm\" role=\"button\">\n\t\t\t\t\t\t<span class=\"elementor-button-content-wrapper\">\n\t\t\t\t\t\t<span class=\"elementor-button-text\">Kapcsolat<\/span>\n\t\t<\/span>\n\t\t\t\t\t<\/a>\n\t\t<\/div>\n\t\t\t\t<\/div>\n\t\t\t\t<\/div>\n\t\t\t\t\t<\/div>\n\t\t<\/div>\n\t\t\t\t\t\t\t<\/div>\n\t\t<\/section>\n\t\t\t\t\t\t<\/div>\n\t\t\t\t\t<\/div>\n\t\t","protected":false},"excerpt":{"rendered":"<p>Magamr\u00f3l Magamr\u00f3l Varga Krisztina vagyok kozmetikus \u00e9s sz\u00e9ps\u00e9gterapeuta. Kozmetikus v\u00e9gzetts\u00e9gem megszerz\u00e9s\u00e9vel egy \u00e1lmom v\u00e1lt val\u00f3ra. Szerencs\u00e9snek \u00e9rzem magam, hogy a munk\u00e1m a hivat\u00e1som \u00e9s szenved\u00e9lyem is egyben. BIODROGA, RIBESKIN\u00a0 professzion\u00e1lis, magas min\u0151s\u00e9g\u0171 \u00e9s term\u00e9szetes \u00f6sszetev\u0151ket tartalmaz\u00f3 kozmetikumokkal dolgozom. Minden \u00faj vend\u00e9gem eset\u00e9n az els\u0151 kezel\u00e9st megel\u0151z\u0151en \u00e1tbesz\u00e9lj\u00fck az otthon\u00e1pol\u00e1si rutint, a fontosabb b\u0151r\u00e1pol\u00e1st befoly\u00e1sol\u00f3 t\u00e9nyez\u0151ket, [&hellip;]<\/p>\n","protected":false},"author":1,"featured_media":1032,"parent":0,"menu_order":0,"comment_status":"closed","ping_status":"closed","template":"","meta":{"footnotes":""},"class_list":["post-8","page","type-page","status-publish","has-post-thumbnail","hentry","entry","has-media"],"yoast_head":"<!-- This site is optimized with the Yoast SEO plugin v17.0 - https:\/\/yoast.com\/wordpress\/plugins\/seo\/ -->\n<title>Magamr\u00f3l - Sz\u00e9ps\u00e9gEsszencia Kozmetika<\/title>\n<meta name=\"robots\" content=\"index, follow, max-snippet:-1, max-image-preview:large, max-video-preview:-1\" \/>\n<link rel=\"canonical\" href=\"https:\/\/szepsegesszenciakozmetika.hu\/index.php\/magamrol\/\" \/>\n<meta property=\"og:locale\" content=\"en_US\" \/>\n<meta property=\"og:type\" content=\"article\" \/>\n<meta property=\"og:title\" content=\"Magamr\u00f3l - Sz\u00e9ps\u00e9gEsszencia Kozmetika\" \/>\n<meta property=\"og:description\" content=\"Magamr\u00f3l Magamr\u00f3l Varga Krisztina vagyok kozmetikus \u00e9s sz\u00e9ps\u00e9gterapeuta. Kozmetikus v\u00e9gzetts\u00e9gem megszerz\u00e9s\u00e9vel egy \u00e1lmom v\u00e1lt val\u00f3ra. Szerencs\u00e9snek \u00e9rzem magam, hogy a munk\u00e1m a hivat\u00e1som \u00e9s szenved\u00e9lyem is egyben. BIODROGA, RIBESKIN\u00a0 professzion\u00e1lis, magas min\u0151s\u00e9g\u0171 \u00e9s term\u00e9szetes \u00f6sszetev\u0151ket tartalmaz\u00f3 kozmetikumokkal dolgozom. Minden \u00faj vend\u00e9gem eset\u00e9n az els\u0151 kezel\u00e9st megel\u0151z\u0151en \u00e1tbesz\u00e9lj\u00fck az otthon\u00e1pol\u00e1si rutint, a fontosabb b\u0151r\u00e1pol\u00e1st befoly\u00e1sol\u00f3 t\u00e9nyez\u0151ket, [&hellip;]\" \/>\n<meta property=\"og:url\" content=\"https:\/\/szepsegesszenciakozmetika.hu\/index.php\/magamrol\/\" \/>\n<meta property=\"og:site_name\" content=\"Sz\u00e9ps\u00e9gEsszencia Kozmetika\" \/>\n<meta property=\"article:modified_time\" content=\"2026-02-10T16:42:48+00:00\" \/>\n<meta property=\"og:image\" content=\"https:\/\/szepsegesszenciakozmetika.hu\/wp-content\/uploads\/2022\/08\/szepsegesszencia_magamrol_kep.2jpg-scaled.jpg\" \/>\n\t<meta property=\"og:image:width\" content=\"2152\" \/>\n\t<meta property=\"og:image:height\" content=\"2560\" \/>\n<meta name=\"twitter:card\" content=\"summary_large_image\" \/>\n<meta name=\"twitter:label1\" content=\"Est. reading time\" \/>\n\t<meta name=\"twitter:data1\" content=\"1 minute\" \/>\n<script type=\"application\/ld+json\" class=\"yoast-schema-graph\">{\"@context\":\"https:\/\/schema.org\",\"@graph\":[{\"@type\":\"WebSite\",\"@id\":\"https:\/\/szepsegesszenciakozmetika.hu\/#website\",\"url\":\"https:\/\/szepsegesszenciakozmetika.hu\/\",\"name\":\"Sz\\u00e9ps\\u00e9gEsszencia Kozmetika\",\"description\":\"Sz\\u00e9ps\\u00e9gEsszencia Kozmetika\",\"potentialAction\":[{\"@type\":\"SearchAction\",\"target\":{\"@type\":\"EntryPoint\",\"urlTemplate\":\"https:\/\/szepsegesszenciakozmetika.hu\/?s={search_term_string}\"},\"query-input\":\"required name=search_term_string\"}],\"inLanguage\":\"en-US\"},{\"@type\":\"ImageObject\",\"@id\":\"https:\/\/szepsegesszenciakozmetika.hu\/index.php\/magamrol\/#primaryimage\",\"inLanguage\":\"en-US\",\"url\":\"https:\/\/szepsegesszenciakozmetika.hu\/wp-content\/uploads\/2022\/08\/szepsegesszencia_magamrol_kep.2jpg-scaled.jpg\",\"contentUrl\":\"https:\/\/szepsegesszenciakozmetika.hu\/wp-content\/uploads\/2022\/08\/szepsegesszencia_magamrol_kep.2jpg-scaled.jpg\",\"width\":2152,\"height\":2560},{\"@type\":\"WebPage\",\"@id\":\"https:\/\/szepsegesszenciakozmetika.hu\/index.php\/magamrol\/#webpage\",\"url\":\"https:\/\/szepsegesszenciakozmetika.hu\/index.php\/magamrol\/\",\"name\":\"Magamr\\u00f3l - Sz\\u00e9ps\\u00e9gEsszencia Kozmetika\",\"isPartOf\":{\"@id\":\"https:\/\/szepsegesszenciakozmetika.hu\/#website\"},\"primaryImageOfPage\":{\"@id\":\"https:\/\/szepsegesszenciakozmetika.hu\/index.php\/magamrol\/#primaryimage\"},\"datePublished\":\"2021-08-30T09:49:39+00:00\",\"dateModified\":\"2026-02-10T16:42:48+00:00\",\"breadcrumb\":{\"@id\":\"https:\/\/szepsegesszenciakozmetika.hu\/index.php\/magamrol\/#breadcrumb\"},\"inLanguage\":\"en-US\",\"potentialAction\":[{\"@type\":\"ReadAction\",\"target\":[\"https:\/\/szepsegesszenciakozmetika.hu\/index.php\/magamrol\/\"]}]},{\"@type\":\"BreadcrumbList\",\"@id\":\"https:\/\/szepsegesszenciakozmetika.hu\/index.php\/magamrol\/#breadcrumb\",\"itemListElement\":[{\"@type\":\"ListItem\",\"position\":1,\"name\":\"Home\",\"item\":\"https:\/\/szepsegesszenciakozmetika.hu\/\"},{\"@type\":\"ListItem\",\"position\":2,\"name\":\"Magamr\\u00f3l\"}]}]}<\/script>\n<!-- \/ Yoast SEO plugin. -->","yoast_head_json":{"title":"Magamr\u00f3l - Sz\u00e9ps\u00e9gEsszencia Kozmetika","robots":{"index":"index","follow":"follow","max-snippet":"max-snippet:-1","max-image-preview":"max-image-preview:large","max-video-preview":"max-video-preview:-1"},"canonical":"https:\/\/szepsegesszenciakozmetika.hu\/index.php\/magamrol\/","og_locale":"en_US","og_type":"article","og_title":"Magamr\u00f3l - Sz\u00e9ps\u00e9gEsszencia Kozmetika","og_description":"Magamr\u00f3l Magamr\u00f3l Varga Krisztina vagyok kozmetikus \u00e9s sz\u00e9ps\u00e9gterapeuta. Kozmetikus v\u00e9gzetts\u00e9gem megszerz\u00e9s\u00e9vel egy \u00e1lmom v\u00e1lt val\u00f3ra. Szerencs\u00e9snek \u00e9rzem magam, hogy a munk\u00e1m a hivat\u00e1som \u00e9s szenved\u00e9lyem is egyben. BIODROGA, RIBESKIN\u00a0 professzion\u00e1lis, magas min\u0151s\u00e9g\u0171 \u00e9s term\u00e9szetes \u00f6sszetev\u0151ket tartalmaz\u00f3 kozmetikumokkal dolgozom. Minden \u00faj vend\u00e9gem eset\u00e9n az els\u0151 kezel\u00e9st megel\u0151z\u0151en \u00e1tbesz\u00e9lj\u00fck az otthon\u00e1pol\u00e1si rutint, a fontosabb b\u0151r\u00e1pol\u00e1st befoly\u00e1sol\u00f3 t\u00e9nyez\u0151ket, [&hellip;]","og_url":"https:\/\/szepsegesszenciakozmetika.hu\/index.php\/magamrol\/","og_site_name":"Sz\u00e9ps\u00e9gEsszencia Kozmetika","article_modified_time":"2026-02-10T16:42:48+00:00","og_image":[{"width":2152,"height":2560,"filesize":659266,"url":"https:\/\/szepsegesszenciakozmetika.hu\/wp-content\/uploads\/2022\/08\/szepsegesszencia_magamrol_kep.2jpg-scaled.jpg","path":"\/var\/www\/web\/clients\/client57\/web412\/web\/wp-content\/uploads\/2022\/08\/szepsegesszencia_magamrol_kep.2jpg-scaled.jpg","size":"full","id":1032,"alt":"","pixels":5509120,"type":"image\/jpeg"}],"twitter_card":"summary_large_image","twitter_misc":{"Est. reading time":"1 minute"},"schema":{"@context":"https:\/\/schema.org","@graph":[{"@type":"WebSite","@id":"https:\/\/szepsegesszenciakozmetika.hu\/#website","url":"https:\/\/szepsegesszenciakozmetika.hu\/","name":"Sz\u00e9ps\u00e9gEsszencia Kozmetika","description":"Sz\u00e9ps\u00e9gEsszencia Kozmetika","potentialAction":[{"@type":"SearchAction","target":{"@type":"EntryPoint","urlTemplate":"https:\/\/szepsegesszenciakozmetika.hu\/?s={search_term_string}"},"query-input":"required name=search_term_string"}],"inLanguage":"en-US"},{"@type":"ImageObject","@id":"https:\/\/szepsegesszenciakozmetika.hu\/index.php\/magamrol\/#primaryimage","inLanguage":"en-US","url":"https:\/\/szepsegesszenciakozmetika.hu\/wp-content\/uploads\/2022\/08\/szepsegesszencia_magamrol_kep.2jpg-scaled.jpg","contentUrl":"https:\/\/szepsegesszenciakozmetika.hu\/wp-content\/uploads\/2022\/08\/szepsegesszencia_magamrol_kep.2jpg-scaled.jpg","width":2152,"height":2560},{"@type":"WebPage","@id":"https:\/\/szepsegesszenciakozmetika.hu\/index.php\/magamrol\/#webpage","url":"https:\/\/szepsegesszenciakozmetika.hu\/index.php\/magamrol\/","name":"Magamr\u00f3l - Sz\u00e9ps\u00e9gEsszencia Kozmetika","isPartOf":{"@id":"https:\/\/szepsegesszenciakozmetika.hu\/#website"},"primaryImageOfPage":{"@id":"https:\/\/szepsegesszenciakozmetika.hu\/index.php\/magamrol\/#primaryimage"},"datePublished":"2021-08-30T09:49:39+00:00","dateModified":"2026-02-10T16:42:48+00:00","breadcrumb":{"@id":"https:\/\/szepsegesszenciakozmetika.hu\/index.php\/magamrol\/#breadcrumb"},"inLanguage":"en-US","potentialAction":[{"@type":"ReadAction","target":["https:\/\/szepsegesszenciakozmetika.hu\/index.php\/magamrol\/"]}]},{"@type":"BreadcrumbList","@id":"https:\/\/szepsegesszenciakozmetika.hu\/index.php\/magamrol\/#breadcrumb","itemListElement":[{"@type":"ListItem","position":1,"name":"Home","item":"https:\/\/szepsegesszenciakozmetika.hu\/"},{"@type":"ListItem","position":2,"name":"Magamr\u00f3l"}]}]}},"_links":{"self":[{"href":"https:\/\/szepsegesszenciakozmetika.hu\/index.php\/wp-json\/wp\/v2\/pages\/8","targetHints":{"allow":["GET"]}}],"collection":[{"href":"https:\/\/szepsegesszenciakozmetika.hu\/index.php\/wp-json\/wp\/v2\/pages"}],"about":[{"href":"https:\/\/szepsegesszenciakozmetika.hu\/index.php\/wp-json\/wp\/v2\/types\/page"}],"author":[{"embeddable":true,"href":"https:\/\/szepsegesszenciakozmetika.hu\/index.php\/wp-json\/wp\/v2\/users\/1"}],"replies":[{"embeddable":true,"href":"https:\/\/szepsegesszenciakozmetika.hu\/index.php\/wp-json\/wp\/v2\/comments?post=8"}],"version-history":[{"count":76,"href":"https:\/\/szepsegesszenciakozmetika.hu\/index.php\/wp-json\/wp\/v2\/pages\/8\/revisions"}],"predecessor-version":[{"id":3185,"href":"https:\/\/szepsegesszenciakozmetika.hu\/index.php\/wp-json\/wp\/v2\/pages\/8\/revisions\/3185"}],"wp:featuredmedia":[{"embeddable":true,"href":"https:\/\/szepsegesszenciakozmetika.hu\/index.php\/wp-json\/wp\/v2\/media\/1032"}],"wp:attachment":[{"href":"https:\/\/szepsegesszenciakozmetika.hu\/index.php\/wp-json\/wp\/v2\/media?parent=8"}],"curies":[{"name":"wp","href":"https:\/\/api.w.org\/{rel}","templated":true}]}}